{"id":179,"date":"2025-02-03T11:41:55","date_gmt":"2025-02-03T11:41:55","guid":{"rendered":"https:\/\/elpazoworkshop.com\/?page_id=179"},"modified":"2025-02-03T11:41:56","modified_gmt":"2025-02-03T11:41:56","slug":"aviso-legal","status":"publish","type":"page","link":"https:\/\/elpazoworkshop.com\/index.php\/aviso-legal\/","title":{"rendered":"Aviso Legal"},"content":{"rendered":"<p>[et_pb_section fb_built=\u00bb1&#8243; admin_label=\u00bbHeader\u00bb _builder_version=\u00bb4.27.4&#8243; _module_preset=\u00bbdefault\u00bb use_background_color_gradient=\u00bbon\u00bb background_color_gradient_stops=\u00bb#ebebeb 0%|rgba(58,37,25,0) 100%\u00bb background_color_gradient_overlays_image=\u00bbon\u00bb background_image=\u00bbhttps:\/\/elpazoworkshop.com\/wp-content\/uploads\/2025\/01\/pazo_info.png\u00bb background_enable_video_mp4=\u00bboff\u00bb background_pattern_repeat_origin=\u00bbcenter\u00bb min_height=\u00bb600px\u00bb custom_padding=\u00bb||0px||false|false\u00bb background_last_edited=\u00bbon|desktop\u00bb background_enable_video_mp4_phone=\u00bboff\u00bb locked=\u00bboff\u00bb collapsed=\u00bbon\u00bb global_colors_info=\u00bb{}\u00bb theme_builder_area=\u00bbpost_content\u00bb][et_pb_row _builder_version=\u00bb4.27.4&#8243; _module_preset=\u00bbdefault\u00bb global_colors_info=\u00bb{}\u00bb theme_builder_area=\u00bbpost_content\u00bb][et_pb_column type=\u00bb4_4&#8243; _builder_version=\u00bb4.27.4&#8243; _module_preset=\u00bbdefault\u00bb global_colors_info=\u00bb{}\u00bb theme_builder_area=\u00bbpost_content\u00bb][et_pb_image src=\u00bbhttps:\/\/elpazoworkshop.com\/wp-content\/uploads\/2025\/01\/EL-PAZO-BLACK.png\u00bb title_text=\u00bbEL PAZO BLACK\u00bb _builder_version=\u00bb4.27.4&#8243; _module_preset=\u00bbdefault\u00bb max_width=\u00bb52%\u00bb module_alignment=\u00bbcenter\u00bb global_colors_info=\u00bb{}\u00bb theme_builder_area=\u00bbpost_content\u00bb][\/et_pb_image][\/et_pb_column][\/et_pb_row][\/et_pb_section][et_pb_section fb_built=\u00bb1&#8243; _builder_version=\u00bb4.16&#8243; global_colors_info=\u00bb{}\u00bb theme_builder_area=\u00bbpost_content\u00bb][et_pb_row _builder_version=\u00bb4.16&#8243; background_size=\u00bbinitial\u00bb background_position=\u00bbtop_left\u00bb background_repeat=\u00bbrepeat\u00bb global_colors_info=\u00bb{}\u00bb theme_builder_area=\u00bbpost_content\u00bb][et_pb_column type=\u00bb4_4&#8243; _builder_version=\u00bb4.16&#8243; custom_padding=\u00bb|||\u00bb global_colors_info=\u00bb{}\u00bb custom_padding__hover=\u00bb|||\u00bb theme_builder_area=\u00bbpost_content\u00bb][et_pb_post_title meta=\u00bboff\u00bb featured_image=\u00bboff\u00bb _builder_version=\u00bb4.27.4&#8243; title_font=\u00bbBlack Mango||||||||\u00bb title_font_size=\u00bb58px\u00bb animation_style=\u00bbfade\u00bb title_font_size_tablet=\u00bb58px\u00bb title_font_size_phone=\u00bb47px\u00bb title_font_size_last_edited=\u00bbon|phone\u00bb global_colors_info=\u00bb{}\u00bb theme_builder_area=\u00bbpost_content\u00bb][\/et_pb_post_title][et_pb_text _builder_version=\u00bb4.27.4&#8243; _module_preset=\u00bbdefault\u00bb global_colors_info=\u00bb{}\u00bb theme_builder_area=\u00bbpost_content\u00bb]<\/p>\n<p data-pm-slice=\"1 1 []\"><span><\/span><\/p>\n<p data-pm-slice=\"1 1 []\"><span>La presente p\u00e1gina web <\/span><a href=\"https:\/\/elpazoworkshop.com\" disabled=\"disabled\"><span>https:\/\/elpazoworkshop.com<\/span><\/a><span> es propiedad de Nature Floral Design SLU provista de CIF n\u00famero B-04644738, constituida por tiempo indefinido en fecha 14 de mayo de 2008 mediante escritura p\u00fablica inscrita en el Registro Mercantil de Almer\u00eda al tomo 1281, libro 0, folio 103, hoja AL-31129.<\/span><\/p>\n<p><span>T\u00c9RMINOS Y CONDICIONES<\/span><\/p>\n<p><span>Informaci\u00f3n previa del proceso contractual La presente p\u00e1gina web <\/span><a href=\"https:\/\/elpazoworkshop.com\" disabled=\"disabled\"><span>https:\/\/elpazoworkshop.com<\/span><\/a><span> es propiedad de Nature Floral Design SLU provista de CIF n\u00famero B-04644738, con domicilio social en M\u00e9ndez Nu\u00f1ez, 17. Almer\u00eda, indefinido en fecha 14 de mayo de 2008 mediante escritura p\u00fablica inscrita en el Registro Mercantil de Almer\u00eda al tomo 1281, libro 0, folio 103, hoja AL-31129.<\/span><\/p>\n<p><span>Las condiciones Generales de Contrataci\u00f3n regulan la relaci\u00f3n de venta a distancia entre Nature Floral Design SLU y el usuario o cliente, de acuerdo con las estipulaciones legales, en especial, la Ley 7\/1998, de 13 de abril, sobre Condiciones Generales de Contrataci\u00f3n, la Ley 3\/2014, de 27 de marzo por la que se modifica el texto refundido de la Ley General para la Defensa de los consumidores y Usuarios, la Ley Org\u00e1nica 15\/1999, de 13 de diciembre, de Protecci\u00f3n de Datos de Car\u00e1cter Personal, la Ley 7\/1996, de 15 de enero de Ordenaci\u00f3n del Comercio Minorista, y la Ley 34\/2002 de 11 de julio, de Servicios de la Sociedad de la Informaci\u00f3n y de Comercio Electr\u00f3nico.<\/span><\/p>\n<p><span>Nature Floral Design SLU se reserva el derecho a realizar las modificaciones que considere oportunas, sin aviso previo, en las Condiciones Generales. Dichas modificaciones podr\u00e1n realizarse, a trav\u00e9s de sus p\u00e1ginas, por cualquier forma admisible en derecho y ser\u00e1n de obligado cumplimiento durante el tiempo en que se encuentren publicadas en la web y hasta que no sean modificadas v\u00e1lidamente por otras posteriores. No obstante, Nature Floral Design SLU se reserva el derecho de aplicar, en determinados casos, unas Condiciones Particulares de Contrataci\u00f3n con preferencia a las presentes Condiciones Generales cuando lo considere oportuno, anunci\u00e1ndolas en tiempo y forma oportunos.<\/span><\/p>\n<p><span>El objeto de la p\u00e1gina web es ofertar y publicitar venta de todo tipo de flores, plantas y objetos de decoraci\u00f3n y ense\u00f1anza de dise\u00f1o floral.<\/span><\/p>\n<p><span>La duraci\u00f3n del contrato quedar\u00e1 vinculada a la entrega del producto sin perjuicio del derecho de desistimiento.<\/span><\/p>\n<p><span>Como usuario o cliente declara expresamente conocer, entender y aceptar las condiciones de uso y estas condiciones generales de contrataci\u00f3n. Del mismo modo, declara ser mayor de edad y tener la capacidad jur\u00eddica y de obrar necesarias para el acceso a los sitios web de Nature Floral Design SLU y la contrataci\u00f3n por medio de los mismos.<\/span><\/p>\n<p><span>Para adquirir nuestros productos, usted puede dirigirse al apartado correspondiente de nuestra tienda online.<\/span><\/p>\n<p><span>Finalizado el proceso de compra el cliente recibir\u00e1 una confirmaci\u00f3n del mismo por correo electr\u00f3nico. Es imprescindible que durante el proceso de compra el usuario indique un correo electr\u00f3nico v\u00e1lido. Si en 24 horas desde la finalizaci\u00f3n del pedido no recibe la confirmaci\u00f3n, p\u00f3ngase en contacto con Nature Floral Design SLU en el tel\u00e9fono de atenci\u00f3n al cliente o mediante el correo electr\u00f3nico <\/span><span><a disabled=\"disabled\">info@elpazoworkshop.com<\/a><\/span><\/p>\n<ol class=\"ol1\">\n<li class=\"li1\"><b>Oferta y vigencia<\/b><\/li>\n<\/ol>\n<p class=\"p1\">En caso de un producto en oferta, siempre se indicar\u00e1 junto a sus caracter\u00edsticas esenciales, el precio de oferta y la validez de la misma.<\/p>\n<p class=\"p1\">En cumplimiento de la normativa vigente Nature Floral Design SLU ofrece informaci\u00f3n sobre todos los art\u00edculos en venta, sus caracter\u00edsticas y precios. No obstante, Nature Floral Design SLU se reserva el derecho a retirar, reponer o cambiar los productos que se ofrecen a trav\u00e9s de su p\u00e1gina web, mediante el simple cambio en el contenido de la misma. De esta forma, los productos ofrecidos en cada momento por la web se regir\u00e1n por las Condiciones Generales de Contrataci\u00f3n vigentes en cada caso. Asimismo, la empresa tendr\u00e1 la facultad de dejar de ofrecer, sin previo aviso y en cualquier momento, el acceso a los productos mencionados.<\/p>\n<ol class=\"ol1\">\n<li class=\"li1\"><b>Caracter\u00edsticas esenciales de los productos<\/b><\/li>\n<\/ol>\n<p class=\"p1\">Los productos ofertados en nuestra tienda online, incorporan una fotograf\u00eda y las caracter\u00edsticas esenciales del mismo, esta es la informaci\u00f3n obtenida del propio fabricante. El color del producto, observable en la fotograf\u00eda no es vinculante. En las caracter\u00edsticas se identifica el mismo.<\/p>\n<ol class=\"ol1\">\n<li class=\"li1\"><b>Garant\u00edas<\/b><\/li>\n<\/ol>\n<p class=\"p1\">Todos los productos ofrecidos en la p\u00e1gina web gozan de la garant\u00eda comercial del proveedor del mismo. Nature Floral Design SLU dispone de un servicio de posventa, mientras est\u00e9 vigente la garant\u00eda, el cliente podr\u00e1 ejecutarla dirigi\u00e9ndose al establecimiento de Nature Floral Design SLU, al servicio de posventa, por correo electr\u00f3nico a <span><a disabled=\"disabled\">info@elpazoworkshop.com<\/a><\/span> a los puntos establecidos por el propio proveedor. En caso de duda podr\u00e1 dirigirse al tel\u00e9fono de atenci\u00f3n al cliente o mediante el correo electr\u00f3nico.<\/p>\n<ol class=\"ol1\">\n<li class=\"li1\"><b>Precios<\/b><\/li>\n<\/ol>\n<p class=\"p1\">Todos los productos indican el precio de venta en Euros e incluyen el Impuesto sobre el Valor A\u00f1adido (IVA). Si fuera aplicable cualquier otro impuesto, as\u00ed se indicar\u00eda.<\/p>\n<p class=\"p1\">La formaci\u00f3n online y las plazas para los cursos y talleres florales es expresada como precio final, aunque esta exenta de IVA seg\u00fan el articulo 20 de L.I.V.A.<\/p>\n<ol class=\"ol1\">\n<li class=\"li1\"><b>Gastos de env\u00edo<\/b><\/li>\n<\/ol>\n<p class=\"p1\">Todos los productos ofrecidos en la p\u00e1gina web gozan de la garant\u00eda comercial del proveedor del mismo. Nature Floral Design SLU dispone de un servicio de posventa, mientras est\u00e9 vigente la garant\u00eda, podr\u00e1 solicitarla al servicio de posventa, por correo electr\u00f3nico a <span><a disabled=\"disabled\">info@elpazoworkshop.com<\/a><\/span> o a los puntos establecidos por el propio proveedor. En caso de duda podr\u00e1 dirigirse al tel\u00e9fono de atenci\u00f3n al cliente o mediante el correo electr\u00f3nico <span><a disabled=\"disabled\">info@elpazoworkshop.com<\/a><\/span><\/p>\n<p class=\"p1\">\u00a0<\/p>\n<ol class=\"ol1\">\n<li class=\"li1\"><b>Gastos de env\u00edo<\/b><\/li>\n<\/ol>\n<p class=\"p1\">En caso de env\u00edo de alg\u00fan producto, Nature Floral Design SLU s\u00f3lo realiza env\u00edos en Espa\u00f1a.<\/p>\n<ol class=\"ol1\">\n<li class=\"li1\"><b>Entrega del pedido<\/b><\/li>\n<\/ol>\n<p class=\"p1\">Una vez enviada la Confirmaci\u00f3n de Env\u00edo, el Producto se entregar\u00e1 en la direcci\u00f3n indicada por el usuario al realizar el Pedido en el plazo indicado por el usuario.<\/p>\n<p class=\"p1\">Nature Floral Design SLU no asume responsabilidad alguna cuando la entrega del Producto no llegue a realizarse como consecuencia de que los datos facilitados por el Usuario sean falsos, inexactos o incompletos o cuando la entrega no pueda efectuarse por causas ajenas a la empresa de env\u00edos, asignada para tal efecto, como lo es la ausencia del Usuario o la retenci\u00f3n del Producto en Aduanas.<\/p>\n<p class=\"p1\">Los plazos de entrega son aproximados, aunque Nature Floral Design SLU intenta ajustarse a ellos.<\/p>\n<ol class=\"ol1\">\n<li class=\"li1\"><b>Formas de pago y ejecuci\u00f3n del pedido<\/b><\/li>\n<\/ol>\n<p class=\"p1\">El cliente podr\u00e1 abonar el importe de su pedido optando por cualquiera de las siguientes formas. Durante el proceso de compra deber\u00e1 indicar su elecci\u00f3n:<\/p>\n<p class=\"p1\"><b>Tarjeta de cr\u00e9dito o d\u00e9bito VISA, VISA o MASTERCARD<\/b><\/p>\n<ul class=\"ul1\">\n<li class=\"li1\"><span class=\"s1\"><\/span>Todas las operaciones que implican la transmisi\u00f3n de datos personales o bancarios se realizan utilizando un entorno seguro, un servidor basado en la tecnolog\u00eda de seguridad est\u00e1ndar SSL (Secure Sockets Layer). Toda la informaci\u00f3n que nos transmita viaja cifrada a trav\u00e9s de la red.<\/li>\n<li class=\"li1\"><span class=\"s1\"><\/span>Asimismo los datos sobre su tarjeta de cr\u00e9dito son introducidos directamente en Stripe (pasarela de pago) y no son introducidos ni registrados en ning\u00fan servidor de Nature Floral Design SLU.<\/li>\n<li class=\"li1\"><span class=\"s1\"><\/span>Al pagar con tarjeta VISA o MASTERCARD se le solicitar\u00e1n siempre los siguientes datos: el n\u00famero de tarjeta, la fecha de caducidad, y un C\u00f3digo de Validaci\u00f3n que coincide con las tres \u00faltimas cifras del n\u00famero impreso en cursiva en el reverso de su tarjeta VISA o MASTERCARD, ofreciendo, de esta forma, m\u00e1s garant\u00edas acerca de la seguridad de la transacci\u00f3n. Esta forma de pago es v\u00e1lida \u00fanicamente en la web.<\/li>\n<li class=\"li1\"><span class=\"s1\"><\/span>Cuando el importe de una compra hubiese sido cargado fraudulenta o indebidamente utilizando el n\u00famero de una tarjeta de pago, su titular podr\u00e1 exigir la inmediata anulaci\u00f3n del cargo. En tal caso, las correspondientes anotaciones de adeudo y reabono en las cuentas del proveedor y del titular se efectuar\u00e1n a la mayor brevedad.<\/li>\n<li class=\"li1\"><span class=\"s1\"><\/span>Sin embargo, si la compra hubiese sido efectivamente realizada por el titular de la tarjeta y la exigencia de devoluci\u00f3n no fuera consecuencia de haberse ejercido el derecho de desistimiento o de resoluci\u00f3n y, por tanto, hubiese exigido indebidamente la anulaci\u00f3n del correspondiente cargo, aquel quedar\u00e1 obligado frente a Nature Floral Design SLU al resarcimiento de los da\u00f1os y perjuicios ocasionados como consecuencia de dicha anulaci\u00f3n.<\/li>\n<li class=\"li2\"><\/li>\n<\/ul>\n<ol class=\"ol1\">\n<li class=\"li1\"><b>Derecho de desistimiento, devoluciones y reclamaciones<\/b><\/li>\n<\/ol>\n<p class=\"p1\">Seg\u00fan lo establecido el art\u00edculo 103 de la Ley 3\/2014, de 27 de marzo por la que se modifica el texto refundido de la Ley General para la Defensa de los consumidores y Usuarios, los suministros de servicios o bienes confeccionado conforme a las especificaciones del consumidor o claramente personalizados, o que, por su naturaleza, no puedan ser devueltos o puedan deteriorarse o caducar con rapidez, est\u00e1n exentos de desistimiento.<\/p>\n<p class=\"p1\">Si has tenido alg\u00fan problema con tu pedido queremos ser los primeros en saberlo. Pasa en muy pocas ocasiones, pero si as\u00ed es contactanos y Nature Floral Design SLU se compromete a asumir el de restituir el producto por uno nuevo de acuerdo con condiciones aceptadas en el momento de la venta. Si el cliente desea presentar una reclamaci\u00f3n, puede hacerlo a trav\u00e9s del correo electr\u00f3nico <span><a disabled=\"disabled\">info@elpazoworkshop.com<\/a><\/span><\/p>\n<p class=\"p1\">En su caso para cualquier reclamaci\u00f3n existen hojas de reclamaciones en la direcci\u00f3n y tambi\u00e9n accediendo a la pagina de resoluciones de conflictos online de UE:\u00a0<a href=\"https:\/\/webgate.ec.europa.eu\/odr\">https:\/\/webgate.ec.europa.eu\/odr<\/a><\/p>\n<p class=\"p1\"><b>DERECHO DE DESISTIMIENTO<\/b><\/p>\n<ol class=\"ol1\">\n<li class=\"li1\">Modelo de formulario de desistimiento<\/li>\n<\/ol>\n<p class=\"p1\">(s\u00f3lo debe cumplimentar y enviar el presente formulario si desea desistir del contrato)<\/p>\n<p class=\"p1\">\u2013 A la atenci\u00f3n de (aqu\u00ed se deber\u00e1 insertar el nombre del empresario, su direcci\u00f3n completa y, si dispone de ellos, su n\u00famero de fax y su direcci\u00f3n de correo electr\u00f3nico):<\/p>\n<p class=\"p1\">\u2013 Por la presente le comunico\/comunicamos (*) que desisto de mi\/desistimos de nuestro (*) contrato de venta del siguiente bien\/prestaci\u00f3n del siguiente servicio (*)<\/p>\n<p class=\"p1\">\u2013 Pedido el\/recibido el (*)<\/p>\n<p class=\"p1\">\u2013 Nombre del consumidor y usuario o de los consumidores y usuarios<\/p>\n<p class=\"p1\">\u2013 Domicilio del consumidor y usuario o de los consumidores y usuarios<\/p>\n<p class=\"p1\">\u2013 Firma del consumidor y usuario o de los consumidores y usuarios (solo si el presente formulario se presenta en papel)<\/p>\n<p class=\"p1\">\u2013 Fecha<\/p>\n<p class=\"p1\">DENTRO DE GARANTIAS:<\/p>\n<p class=\"p1\">Deacuerdo con la legislaci\u00f3n todos los productos tienen dos a\u00f1os de garant\u00eda.<\/p>\n<ol class=\"ol1\">\n<li class=\"li1\"><b>Jurisdicci\u00f3n<\/b><\/li>\n<\/ol>\n<p class=\"p1\">Asimismo, Nature Floral Design SLU se reserva la facultad de presentar las acciones civiles o penales que considere oportunas por la utilizaci\u00f3n indebida de su sitio web y contenidos o por el incumplimiento de las presentes condiciones.<\/p>\n<p class=\"p1\">La relaci\u00f3n entre el usuario y el prestador se regir\u00e1 por la normativa vigente y de aplicaci\u00f3n en el territorio espa\u00f1ol. De surgir cualquier controversia las partes podr\u00e1n someter sus conflictos a arbitraje o acudir a la jurisdicci\u00f3n ordinaria cumpliendo con las normas sobre jurisdicci\u00f3n y competencia al respecto. Nature Floral Design SLU tiene su domicilio en Mendez Nu\u00f1ez, 17. Almer\u00eda Espa\u00f1a.<\/p>\n<p><span><\/span><\/p>\n<p>[\/et_pb_text][\/et_pb_column][\/et_pb_row][\/et_pb_section][et_pb_section fb_built=\u00bb1&#8243; admin_label=\u00bbFooter\u00bb _builder_version=\u00bb4.27.4&#8243; _module_preset=\u00bbdefault\u00bb background_color=\u00bbgcid-fa957022-7f68-4c63-9382-2437a00591d9&#8243; background_pattern_repeat_origin=\u00bbbottom_left\u00bb background_pattern_horizontal_offset=\u00bb-21%\u00bb background_pattern_vertical_offset=\u00bb-26%\u00bb background_pattern_repeat=\u00bbrepeat-x\u00bb custom_margin=\u00bb20px|||||\u00bb custom_padding=\u00bb0px||0px||true|false\u00bb saved_tabs=\u00bball\u00bb locked=\u00bboff\u00bb collapsed=\u00bbon\u00bb global_colors_info=\u00bb{%22gcid-fa957022-7f68-4c63-9382-2437a00591d9%22:%91%22background_color%22%93}\u00bb theme_builder_area=\u00bbpost_content\u00bb][et_pb_row column_structure=\u00bb1_3,1_3,1_3&#8243; make_equal=\u00bbon\u00bb custom_padding_last_edited=\u00bbon|tablet\u00bb _builder_version=\u00bb4.27.4&#8243; _module_preset=\u00bbdefault\u00bb background_enable_color=\u00bboff\u00bb width=\u00bb100%\u00bb max_width=\u00bb100%\u00bb custom_padding=\u00bb0px|60px|0px|60px|true|true\u00bb custom_padding_tablet=\u00bb30px|30px|30px|30px|true|true\u00bb custom_padding_phone=\u00bb20px|20px|20px|20px|true|true\u00bb global_colors_info=\u00bb{%22gcid-68c6b9ad-55a2-4756-9f20-a801af585cf6%22:%91%22background_color%22%93}\u00bb theme_builder_area=\u00bbpost_content\u00bb][et_pb_column type=\u00bb1_3&#8243; _builder_version=\u00bb4.27.4&#8243; _module_preset=\u00bbdefault\u00bb custom_padding=\u00bb119px||||false|false\u00bb custom_padding_tablet=\u00bb0px||||false|false\u00bb custom_padding_phone=\u00bb0px||||false|false\u00bb custom_padding_last_edited=\u00bbon|phone\u00bb global_colors_info=\u00bb{}\u00bb theme_builder_area=\u00bbpost_content\u00bb][et_pb_image src=\u00bbhttps:\/\/elpazoworkshop.com\/wp-content\/uploads\/2025\/01\/EL-PAZO-BLACK.png\u00bb title_text=\u00bbEL PAZO BLACK\u00bb _builder_version=\u00bb4.27.4&#8243; _module_preset=\u00bbdefault\u00bb width=\u00bb90%\u00bb animation_style=\u00bbslide\u00bb animation_direction=\u00bbleft\u00bb global_colors_info=\u00bb{}\u00bb theme_builder_area=\u00bbpost_content\u00bb][\/et_pb_image][\/et_pb_column][et_pb_column type=\u00bb1_3&#8243; _builder_version=\u00bb4.27.4&#8243; _module_preset=\u00bbdefault\u00bb background_image=\u00bbhttps:\/\/elpazoworkshop.com\/wp-content\/uploads\/2025\/01\/flores.png\u00bb animation_style=\u00bbslide\u00bb animation_direction=\u00bbbottom\u00bb global_colors_info=\u00bb{}\u00bb theme_builder_area=\u00bbpost_content\u00bb][et_pb_image _builder_version=\u00bb4.27.4&#8243; _module_preset=\u00bbdefault\u00bb global_colors_info=\u00bb{}\u00bb theme_builder_area=\u00bbpost_content\u00bb][\/et_pb_image][et_pb_image src=\u00bbhttps:\/\/elpazoworkshop.com\/wp-content\/uploads\/2025\/01\/flores.png\u00bb title_text=\u00bbflores\u00bb disabled_on=\u00bboff|off|on\u00bb _builder_version=\u00bb4.27.4&#8243; _module_preset=\u00bbdefault\u00bb global_colors_info=\u00bb{}\u00bb theme_builder_area=\u00bbpost_content\u00bb][\/et_pb_image][\/et_pb_column][et_pb_column type=\u00bb1_3&#8243; _builder_version=\u00bb4.27.4&#8243; _module_preset=\u00bbdefault\u00bb custom_padding=\u00bb65px||65px||true|false\u00bb custom_padding_tablet=\u00bb65px||65px||true|false\u00bb custom_padding_phone=\u00bb65px||65px||true|false\u00bb custom_padding_last_edited=\u00bbon|desktop\u00bb animation_style=\u00bbslide\u00bb animation_direction=\u00bbright\u00bb global_colors_info=\u00bb{}\u00bb theme_builder_area=\u00bbpost_content\u00bb][et_pb_text module_id=\u00bbcontacto\u00bb _builder_version=\u00bb4.27.4&#8243; _module_preset=\u00bb_initial\u00bb header_font=\u00bbBlack Mango||||||||\u00bb header_2_font=\u00bbBlack Mango||||||||\u00bb header_2_font_size=\u00bb60px\u00bb header_2_line_height=\u00bb1.2em\u00bb header_3_font=\u00bbKiona||||||||\u00bb animation_style=\u00bbslide\u00bb animation_direction=\u00bbtop\u00bb animation_duration=\u00bb750ms\u00bb header_2_font_size_tablet=\u00bb32px\u00bb header_2_font_size_phone=\u00bb45px\u00bb header_2_font_size_last_edited=\u00bbon|phone\u00bb header_3_font_size_tablet=\u00bb\u00bb header_3_font_size_phone=\u00bb21px\u00bb header_3_font_size_last_edited=\u00bbon|phone\u00bb global_colors_info=\u00bb{}\u00bb theme_builder_area=\u00bbpost_content\u00bb]<\/p>\n<h2><i>Contacto<\/i><\/h2>\n<h3><b>Flores.Artesania.<\/b><\/h3>\n<p><b><\/b><\/p>\n<p>[\/et_pb_text][et_pb_text _builder_version=\u00bb4.27.4&#8243; _module_preset=\u00bb_initial\u00bb header_font=\u00bbKiona||||||||\u00bb header_4_font=\u00bbKiona||||||||\u00bb header_4_text_color=\u00bbgcid-5b291cc9-df1d-4b6e-9bdc-386dacc5279f\u00bb header_4_font_size=\u00bb20px\u00bb header_4_line_height=\u00bb1.4em\u00bb custom_margin=\u00bb40px||0px||false|false\u00bb header_4_font_size_tablet=\u00bb18px\u00bb header_4_font_size_phone=\u00bb17px\u00bb header_4_font_size_last_edited=\u00bbon|tablet\u00bb locked=\u00bboff\u00bb global_colors_info=\u00bb{%22gcid-5b291cc9-df1d-4b6e-9bdc-386dacc5279f%22:%91%22header_4_text_color%22%93}\u00bb theme_builder_area=\u00bbpost_content\u00bb]<\/p>\n<h4>Tel\u00e9fono de contacto<\/h4>\n<p>[\/et_pb_text][et_pb_text _builder_version=\u00bb4.27.4&#8243; _module_preset=\u00bb_initial\u00bb text_font=\u00bbInter||||||||\u00bb text_text_color=\u00bbgcid-fa957022-7f68-4c63-9382-2437a00591d9&#8243; text_line_height=\u00bb1.8em\u00bb custom_margin=\u00bb||10px||false|false\u00bb header_font_size_tablet=\u00bb55px\u00bb header_font_size_last_edited=\u00bboff|desktop\u00bb locked=\u00bboff\u00bb global_colors_info=\u00bb{%22gcid-fa957022-7f68-4c63-9382-2437a00591d9%22:%91%22text_text_color%22%93}\u00bb theme_builder_area=\u00bbpost_content\u00bb]<\/p>\n<p><a href=\"tel:+34605807174\">+34 605 807 174<\/a><\/p>\n<p>[\/et_pb_text][et_pb_text _builder_version=\u00bb4.27.4&#8243; _module_preset=\u00bb_initial\u00bb header_font=\u00bb||||||||\u00bb header_4_font=\u00bbKiona||||||||\u00bb header_4_text_color=\u00bbgcid-5b291cc9-df1d-4b6e-9bdc-386dacc5279f\u00bb header_4_font_size=\u00bb20px\u00bb header_4_line_height=\u00bb1.4em\u00bb custom_margin=\u00bb40px||0px||false|false\u00bb header_4_font_size_tablet=\u00bb18px\u00bb header_4_font_size_phone=\u00bb17px\u00bb header_4_font_size_last_edited=\u00bbon|tablet\u00bb locked=\u00bboff\u00bb global_colors_info=\u00bb{%22gcid-5b291cc9-df1d-4b6e-9bdc-386dacc5279f%22:%91%22header_4_text_color%22%93}\u00bb theme_builder_area=\u00bbpost_content\u00bb]<\/p>\n<h4>Correo<\/h4>\n<p>[\/et_pb_text][et_pb_text _builder_version=\u00bb4.27.4&#8243; _module_preset=\u00bb_initial\u00bb text_font=\u00bbInter||||||||\u00bb text_text_color=\u00bbgcid-fa957022-7f68-4c63-9382-2437a00591d9&#8243; text_line_height=\u00bb1.8em\u00bb custom_margin=\u00bb||10px||false|false\u00bb header_font_size_tablet=\u00bb55px\u00bb header_font_size_last_edited=\u00bboff|desktop\u00bb locked=\u00bboff\u00bb global_colors_info=\u00bb{%22gcid-fa957022-7f68-4c63-9382-2437a00591d9%22:%91%22text_text_color%22%93}\u00bb theme_builder_area=\u00bbpost_content\u00bb]<\/p>\n<p class=\"p1\"><a href=\"mailto:info@elpazoworkshop.com\">info@elpazoworkshop.com<\/a><\/p>\n<p>[\/et_pb_text][\/et_pb_column][\/et_pb_row][\/et_pb_section]<\/p>\n","protected":false},"excerpt":{"rendered":"<p>La presente p\u00e1gina web https:\/\/elpazoworkshop.com es propiedad de Nature Floral Design SLU provista de CIF n\u00famero B-04644738, constituida por tiempo indefinido en fecha 14 de mayo de 2008 mediante escritura p\u00fablica inscrita en el Registro Mercantil de Almer\u00eda al tomo 1281, libro 0, folio 103, hoja AL-31129. T\u00c9RMINOS Y CONDICIONES Informaci\u00f3n previa del proceso contractual [&hellip;]<\/p>\n","protected":false},"author":1,"featured_media":0,"parent":0,"menu_order":0,"comment_status":"closed","ping_status":"closed","template":"","meta":{"_et_pb_use_builder":"on","_et_pb_old_content":"","_et_gb_content_width":"","footnotes":""},"class_list":["post-179","page","type-page","status-publish","hentry"],"jetpack_sharing_enabled":true,"_links":{"self":[{"href":"https:\/\/elpazoworkshop.com\/index.php\/wp-json\/wp\/v2\/pages\/179","targetHints":{"allow":["GET"]}}],"collection":[{"href":"https:\/\/elpazoworkshop.com\/index.php\/wp-json\/wp\/v2\/pages"}],"about":[{"href":"https:\/\/elpazoworkshop.com\/index.php\/wp-json\/wp\/v2\/types\/page"}],"author":[{"embeddable":true,"href":"https:\/\/elpazoworkshop.com\/index.php\/wp-json\/wp\/v2\/users\/1"}],"replies":[{"embeddable":true,"href":"https:\/\/elpazoworkshop.com\/index.php\/wp-json\/wp\/v2\/comments?post=179"}],"version-history":[{"count":2,"href":"https:\/\/elpazoworkshop.com\/index.php\/wp-json\/wp\/v2\/pages\/179\/revisions"}],"predecessor-version":[{"id":182,"href":"https:\/\/elpazoworkshop.com\/index.php\/wp-json\/wp\/v2\/pages\/179\/revisions\/182"}],"wp:attachment":[{"href":"https:\/\/elpazoworkshop.com\/index.php\/wp-json\/wp\/v2\/media?parent=179"}],"curies":[{"name":"wp","href":"https:\/\/api.w.org\/{rel}","templated":true}]}}