{"id":144,"date":"2025-02-03T10:39:56","date_gmt":"2025-02-03T10:39:56","guid":{"rendered":"https:\/\/elpazoworkshop.com\/?post_type=product&#038;p=144"},"modified":"2026-02-08T11:13:25","modified_gmt":"2026-02-08T11:13:25","slug":"pase-workshop-para-1-dia","status":"publish","type":"product","link":"https:\/\/elpazoworkshop.com\/index.php\/producto\/pase-workshop-para-1-dia\/","title":{"rendered":"Workshop para 1 d\u00eda"},"content":{"rendered":"<p>[et_pb_section fb_built=\u00bb1&#8243; _builder_version=\u00bb4.16&#8243; custom_padding=\u00bb0px||||false|false\u00bb global_colors_info=\u00bb{}\u00bb][et_pb_row _builder_version=\u00bb4.16&#8243; background_size=\u00bbinitial\u00bb background_position=\u00bbtop_left\u00bb background_repeat=\u00bbrepeat\u00bb width=\u00bb100%\u00bb custom_padding=\u00bb0px||0px||false|false\u00bb global_colors_info=\u00bb{}\u00bb][et_pb_column type=\u00bb4_4&#8243; _builder_version=\u00bb4.16&#8243; custom_padding=\u00bb|||\u00bb global_colors_info=\u00bb{}\u00bb custom_padding__hover=\u00bb|||\u00bb][et_pb_wc_breadcrumb _builder_version=\u00bb4.16&#8243; global_colors_info=\u00bb{}\u00bb][\/et_pb_wc_breadcrumb][et_pb_wc_cart_notice _builder_version=\u00bb4.27.4&#8243; title_font=\u00bbKiona||||||||\u00bb title_text_color=\u00bb#000000&#8243; background_color=\u00bb#EBE1C8&#8243; border_radii=\u00bbon|4px|4px|4px|4px\u00bb global_colors_info=\u00bb{}\u00bb][\/et_pb_wc_cart_notice][\/et_pb_column][\/et_pb_row][et_pb_row column_structure=\u00bb1_2,1_2&#8243; _builder_version=\u00bb4.16&#8243; background_size=\u00bbinitial\u00bb background_position=\u00bbtop_left\u00bb background_repeat=\u00bbrepeat\u00bb width=\u00bb100%\u00bb custom_padding=\u00bb0px||||false|false\u00bb global_colors_info=\u00bb{}\u00bb][et_pb_column type=\u00bb1_2&#8243; _builder_version=\u00bb4.16&#8243; custom_padding=\u00bb|||\u00bb global_colors_info=\u00bb{}\u00bb custom_padding__hover=\u00bb|||\u00bb][et_pb_wc_images _builder_version=\u00bb4.16&#8243; global_colors_info=\u00bb{}\u00bb][\/et_pb_wc_images][\/et_pb_column][et_pb_column type=\u00bb1_2&#8243; _builder_version=\u00bb4.16&#8243; custom_padding=\u00bb|||\u00bb global_colors_info=\u00bb{}\u00bb custom_padding__hover=\u00bb|||\u00bb][et_pb_wc_title _builder_version=\u00bb4.27.4&#8243; header_font=\u00bbBlack Mango||||||||\u00bb header_font_size=\u00bb35px\u00bb global_colors_info=\u00bb{}\u00bb][\/et_pb_wc_title][et_pb_wc_rating _builder_version=\u00bb4.27.4&#8243; rating_text_color=\u00bb#768F73&#8243; global_colors_info=\u00bb{}\u00bb][\/et_pb_wc_rating][et_pb_wc_price _builder_version=\u00bb4.27.4&#8243; body_font=\u00bbKiona||||||||\u00bb body_text_color=\u00bb#000000&#8243; body_font_size=\u00bb44px\u00bb global_colors_info=\u00bb{}\u00bb][\/et_pb_wc_price][et_pb_wc_description _builder_version=\u00bb4.27.4&#8243; global_colors_info=\u00bb{}\u00bb][\/et_pb_wc_description][et_pb_wc_add_to_cart _builder_version=\u00bb4.27.4&#8243; fields_background_color=\u00bbrgba(235,225,200,0.75)\u00bb fields_text_color=\u00bb#000000&#8243; fields_focus_background_color=\u00bb#000000&#8243; fields_focus_text_color=\u00bb#000000&#8243; fields_custom_margin=\u00bb-13px||-12px||false|false\u00bb fields_custom_padding=\u00bb||||false|false\u00bb custom_button=\u00bbon\u00bb button_text_color=\u00bb#000000&#8243; button_border_width=\u00bb1px\u00bb button_font=\u00bbKiona||||||||\u00bb button_icon=\u00bb&#xe013;||divi||400&#8243; border_radii_fields=\u00bbon|12px|12px|12px|12px\u00bb global_colors_info=\u00bb{}\u00bb][\/et_pb_wc_add_to_cart][et_pb_wc_meta _builder_version=\u00bb4.16&#8243; global_colors_info=\u00bb{}\u00bb][\/et_pb_wc_meta][\/et_pb_column][\/et_pb_row][et_pb_row _builder_version=\u00bb4.16&#8243; background_size=\u00bbinitial\u00bb background_position=\u00bbtop_left\u00bb background_repeat=\u00bbrepeat\u00bb width=\u00bb100%\u00bb global_colors_info=\u00bb{}\u00bb][et_pb_column type=\u00bb4_4&#8243; _builder_version=\u00bb4.16&#8243; custom_padding=\u00bb|||\u00bb global_colors_info=\u00bb{}\u00bb custom_padding__hover=\u00bb|||\u00bb][et_pb_wc_tabs include_tabs=\u00bbdescription|\u00bb _builder_version=\u00bb4.27.4&#8243; body_font=\u00bbLeague Spartan||||||||\u00bb body_font_size=\u00bb18px\u00bb body_line_height=\u00bb1.5em\u00bb global_colors_info=\u00bb{}\u00bb]\t\t\t\t\t[\/et_pb_wc_tabs][et_pb_divider color=\u00bb#000000&#8243; _builder_version=\u00bb4.27.4&#8243; _module_preset=\u00bbdefault\u00bb global_colors_info=\u00bb{}\u00bb][\/et_pb_divider][et_pb_wc_upsells _builder_version=\u00bb4.16&#8243; global_colors_info=\u00bb{}\u00bb][\/et_pb_wc_upsells][et_pb_wc_related_products _builder_version=\u00bb4.16&#8243; global_colors_info=\u00bb{}\u00bb][\/et_pb_wc_related_products][\/et_pb_column][\/et_pb_row][et_pb_row _builder_version=\u00bb4.27.4&#8243; _module_preset=\u00bbdefault\u00bb][et_pb_column _builder_version=\u00bb4.27.4&#8243; _module_preset=\u00bbdefault\u00bb type=\u00bb4_4&#8243;][et_pb_text _builder_version=\u00bb4.27.4&#8243; _module_preset=\u00bbdefault\u00bb header_font=\u00bbBlack Mango||||||||\u00bb header_2_font=\u00bbBlack Mango||||||||\u00bb header_2_font_size=\u00bb60px\u00bb header_2_font_size_tablet=\u00bb32px\u00bb header_2_font_size_phone=\u00bb45px\u00bb header_2_font_size_last_edited=\u00bbon|phone\u00bb header_2_line_height=\u00bb1.2em\u00bb header_3_font=\u00bbKiona||||||||\u00bb animation_style=\u00bbslide\u00bb animation_direction=\u00bbtop\u00bb animation_duration=\u00bb750ms\u00bb header_3_font_size_phone=\u00bb21px\u00bb header_3_font_size_last_edited=\u00bbon|phone\u00bb hover_enabled=\u00bb0&#8243; sticky_enabled=\u00bb0&#8243;]<\/p>\n<h2>Nuestros talleres<\/h2>\n<p>[\/et_pb_text][\/et_pb_column][\/et_pb_row][et_pb_row column_structure=\u00bb1_3,1_3,1_3&#8243; make_equal=\u00bbon\u00bb _builder_version=\u00bb4.27.4&#8243; _module_preset=\u00bbdefault\u00bb width=\u00bb84%\u00bb max_width=\u00bb70%\u00bb global_colors_info=\u00bb{}\u00bb][et_pb_column type=\u00bb1_3&#8243; _builder_version=\u00bb4.27.4&#8243; _module_preset=\u00bbdefault\u00bb border_width_right=\u00bb2px\u00bb border_width_left=\u00bb2px\u00bb global_colors_info=\u00bb{}\u00bb][et_pb_text _builder_version=\u00bb4.27.4&#8243; _module_preset=\u00bb_initial\u00bb header_font=\u00bbBlack Mango||||||||\u00bb header_text_align=\u00bbcenter\u00bb header_2_font=\u00bbBlack Mango||||||||\u00bb header_2_text_align=\u00bbcenter\u00bb header_2_font_size=\u00bb60px\u00bb header_2_line_height=\u00bb1.2em\u00bb header_3_font=\u00bbKiona||||||||\u00bb header_3_text_align=\u00bbcenter\u00bb animation_style=\u00bbslide\u00bb animation_direction=\u00bbtop\u00bb animation_duration=\u00bb750ms\u00bb header_2_font_size_tablet=\u00bb32px\u00bb header_2_font_size_phone=\u00bb45px\u00bb header_2_font_size_last_edited=\u00bbon|phone\u00bb header_3_font_size_tablet=\u00bb\u00bb header_3_font_size_phone=\u00bb21px\u00bb header_3_font_size_last_edited=\u00bbon|phone\u00bb global_colors_info=\u00bb{}\u00bb]<\/p>\n<h2>D\u00cdA I<\/h2>\n<h3>Fibras y Flores<\/h3>\n<p>[\/et_pb_text][et_pb_toggle title=\u00bb\u00bfQu\u00e9 aprender\u00e1s?\u00bb open_toggle_text_color=\u00bb#000000&#8243; open_toggle_background_color=\u00bb#EBEBEB\u00bb closed_toggle_background_color=\u00bbRGBA(255,255,255,0)\u00bb icon_color=\u00bb#7C5F53&#8243; toggle_icon=\u00bb&#x68;||divi||400&#8243; _builder_version=\u00bb4.27.4&#8243; _module_preset=\u00bbdefault\u00bb title_text_color=\u00bb#000000&#8243; title_font=\u00bbKiona||||||||\u00bb body_font=\u00bbLeague Spartan||||||||\u00bb body_font_size=\u00bb16px\u00bb body_line_height=\u00bb1.8em\u00bb custom_margin=\u00bb|30px||30px|false|true\u00bb custom_padding=\u00bb|25px||25px|false|true\u00bb border_width_all=\u00bb0px\u00bb border_width_bottom=\u00bb2px\u00bb border_color_bottom=\u00bb#7C5F53&#8243; global_colors_info=\u00bb{}\u00bb]<\/p>\n<p><em>En este primer d\u00eda el trabajo de Idoia Cuesta se fusionar\u00e1 con el arte floral de Patricia<\/em><br \/><em>Agu\u00edn artesana florista profundamente arraigada tambi\u00e9n a la naturaleza, las fibras y composiciones naturales.<\/em><br \/><strong>\u00bfQu\u00e9 aprender\u00e1s?<\/strong><br \/>Dise\u00f1o y construcci\u00f3n de estructuras con fibras.<br \/>T\u00e9cnicas para trabajar con fibras naturales secas y frescas, creando bases originales para tus composiciones.<br \/>Creaci\u00f3n de una instalaci\u00f3n floral que combine el mimbre y las flores en armon\u00eda.<br \/>C\u00f3mo darle durabilidad y est\u00e9tica a tus dise\u00f1os utilizando materiales org\u00e1nicos.<br \/>Uso pr\u00e1ctico de herramientas y materiales especializados para el trabajo con fibras y flores.<\/p>\n<p>[\/et_pb_toggle][\/et_pb_column][et_pb_column type=\u00bb1_3&#8243; _builder_version=\u00bb4.27.4&#8243; _module_preset=\u00bbdefault\u00bb border_width_right=\u00bb2px\u00bb border_width_left=\u00bb2px\u00bb global_colors_info=\u00bb{}\u00bb][et_pb_text _builder_version=\u00bb4.27.4&#8243; _module_preset=\u00bb_initial\u00bb header_font=\u00bbBlack Mango||||||||\u00bb header_text_align=\u00bbcenter\u00bb header_2_font=\u00bbBlack Mango||||||||\u00bb header_2_text_align=\u00bbcenter\u00bb header_2_font_size=\u00bb60px\u00bb header_2_line_height=\u00bb1.2em\u00bb header_3_font=\u00bbKiona||||||||\u00bb header_3_text_align=\u00bbcenter\u00bb animation_style=\u00bbslide\u00bb animation_direction=\u00bbtop\u00bb animation_duration=\u00bb750ms\u00bb header_2_font_size_tablet=\u00bb32px\u00bb header_2_font_size_phone=\u00bb45px\u00bb header_2_font_size_last_edited=\u00bbon|phone\u00bb header_3_font_size_tablet=\u00bb\u00bb header_3_font_size_phone=\u00bb21px\u00bb header_3_font_size_last_edited=\u00bbon|phone\u00bb global_colors_info=\u00bb{}\u00bb]<\/p>\n<h2>D\u00cdA II<\/h2>\n<h3>Flores y Madera:<\/h3>\n<h3>Creando desde la ra\u00edz<\/h3>\n<p>[\/et_pb_text][et_pb_toggle title=\u00bb\u00bfQu\u00e9 aprender\u00e1s?\u00bb open_toggle_text_color=\u00bb#000000&#8243; open_toggle_background_color=\u00bb#EBEBEB\u00bb closed_toggle_background_color=\u00bbRGBA(255,255,255,0)\u00bb icon_color=\u00bb#7C5F53&#8243; toggle_icon=\u00bb&#x68;||divi||400&#8243; _builder_version=\u00bb4.27.4&#8243; _module_preset=\u00bbdefault\u00bb title_text_color=\u00bb#000000&#8243; title_font=\u00bbKiona||||||||\u00bb body_font=\u00bbLeague Spartan||||||||\u00bb body_font_size=\u00bb16px\u00bb body_line_height=\u00bb1.8em\u00bb custom_margin=\u00bb|30px||30px|false|true\u00bb custom_padding=\u00bb|25px||25px|false|true\u00bb border_width_all=\u00bb0px\u00bb border_width_bottom=\u00bb2px\u00bb border_color_bottom=\u00bb#7C5F53&#8243; global_colors_info=\u00bb{}\u00bb]<\/p>\n<p><em>Un d\u00eda donde la madera y las flores se unen para crear estructuras \u00fanicas. En esta <\/em><em>experiencia innovadora, un florista y un ebanista fusionar\u00e1n sus conocimientos para <\/em><em>ense\u00f1arte c\u00f3mo construir desde las bases m\u00e1s simples para florister\u00eda hasta<\/em><br \/><em>instalaciones m\u00e1s complejas y art\u00edsticas.<\/em><br \/><strong>\u00bfQu\u00e9 aprender\u00e1s?<\/strong><br \/>Dise\u00f1o y construcci\u00f3n de soportes en madera adaptados a composiciones florales.<\/p>\n<ul>\n<li>T\u00e9cnicas b\u00e1sicas y avanzadas de ebanister\u00eda aplicadas a la florister\u00eda.<br \/>Creaci\u00f3n de una instalaci\u00f3n floral de gran formato sobre una estructura de madera.<br \/>C\u00f3mo potenciar la durabilidad y est\u00e9tica en piezas florales con bases artesanales.<br \/>Trabajo pr\u00e1ctico con herramientas y materiales de calidad.<\/li>\n<\/ul>\n<p>[\/et_pb_toggle][\/et_pb_column][et_pb_column type=\u00bb1_3&#8243; _builder_version=\u00bb4.27.4&#8243; _module_preset=\u00bbdefault\u00bb border_width_right=\u00bb2px\u00bb border_width_left=\u00bb2px\u00bb global_colors_info=\u00bb{}\u00bb][et_pb_text _builder_version=\u00bb4.27.4&#8243; _module_preset=\u00bb_initial\u00bb header_font=\u00bbBlack Mango||||||||\u00bb header_text_align=\u00bbcenter\u00bb header_2_font=\u00bbBlack Mango||||||||\u00bb header_2_text_align=\u00bbcenter\u00bb header_2_font_size=\u00bb60px\u00bb header_2_line_height=\u00bb1.2em\u00bb header_3_font=\u00bbKiona||||||||\u00bb header_3_text_align=\u00bbcenter\u00bb animation_style=\u00bbslide\u00bb animation_direction=\u00bbtop\u00bb animation_duration=\u00bb750ms\u00bb header_2_font_size_tablet=\u00bb32px\u00bb header_2_font_size_phone=\u00bb45px\u00bb header_2_font_size_last_edited=\u00bbon|phone\u00bb header_3_font_size_tablet=\u00bb\u00bb header_3_font_size_phone=\u00bb21px\u00bb header_3_font_size_last_edited=\u00bbon|phone\u00bb global_colors_info=\u00bb{}\u00bb]<\/p>\n<h2>D\u00cdA III<\/h2>\n<h3>Garden Style.<\/h3>\n<h3>Un encuentro entre Brasil y Espa\u00f1a<\/h3>\n<p>[\/et_pb_text][et_pb_toggle title=\u00bb\u00bfQu\u00e9 aprender\u00e1s?\u00bb open_toggle_text_color=\u00bb#000000&#8243; open_toggle_background_color=\u00bb#EBEBEB\u00bb closed_toggle_background_color=\u00bbRGBA(255,255,255,0)\u00bb icon_color=\u00bb#7C5F53&#8243; toggle_icon=\u00bb&#x68;||divi||400&#8243; _builder_version=\u00bb4.27.4&#8243; _module_preset=\u00bbdefault\u00bb title_text_color=\u00bb#000000&#8243; title_font=\u00bbKiona||||||||\u00bb body_font=\u00bbLeague Spartan||||||||\u00bb body_font_size=\u00bb16px\u00bb body_line_height=\u00bb1.8em\u00bb custom_margin=\u00bb|30px||30px|false|true\u00bb custom_padding=\u00bb|25px||25px|false|true\u00bb border_width_all=\u00bb0px\u00bb border_width_bottom=\u00bb2px\u00bb border_color_bottom=\u00bb#7C5F53&#8243; global_colors_info=\u00bb{}\u00bb]<\/p>\n<p><em>Un d\u00eda intensivo de arte floral donde la creatividad florece sin fronteras. Dos maestros floristas, cada uno con su propia esencia y visi\u00f3n art\u00edstica, fusionar\u00e1n las influencias de Espa\u00f1a y Brasil en una experiencia \u00fanica de Garden Style.<\/em><br \/><em>Aprender\u00e1s de primera mano las t\u00e9cnicas, secretos y sensibilidades que hacen de<\/em><br \/><em>cada cultura un universo floral distinto, explorando el equilibrio entre la estructura<\/em><br \/><em>europea y la exuberancia tropical.<\/em><br \/><strong>\u00bfQu\u00e9 te espera?<\/strong><br \/>Creaci\u00f3n de arreglos inspirados en la naturaleza y el movimiento libre del Garden Style.<\/p>\n<ul>\n<li>T\u00e9cnicas avanzadas con flores y follajes de ambos pa\u00edses.<\/li>\n<li>Un enfoque pr\u00e1ctico e inmersivo para perfeccionar tu estilo personal.<\/li>\n<li>Inspiraci\u00f3n, creatividad y la oportunidad de trabajar junto a dos referentes del arte<br \/>floral.<\/li>\n<li>Pero no solo trabajaremos con flores, tambi\u00e9n exploraremos nuestra propia creatividad desde dentro.<\/li>\n<li>Contaremos con la presencia de un coach motivacional, quien nos ayudar\u00e1 a descubrir nuestro tipo de personalidad y c\u00f3mo esta influye en nuestra forma de trabajar y crear.<\/li>\n<\/ul>\n<p>[\/et_pb_toggle][\/et_pb_column][\/et_pb_row][et_pb_row _builder_version=\u00bb4.27.4&#8243; _module_preset=\u00bbdefault\u00bb][et_pb_column _builder_version=\u00bb4.27.4&#8243; _module_preset=\u00bbdefault\u00bb type=\u00bb4_4&#8243;][et_pb_divider _builder_version=\u00bb4.27.4&#8243; _module_preset=\u00bbdefault\u00bb hover_enabled=\u00bb0&#8243; sticky_enabled=\u00bb0&#8243;][\/et_pb_divider][\/et_pb_column][\/et_pb_row][\/et_pb_section][et_pb_section fb_built=\u00bb1&#8243; admin_label=\u00bbFooter\u00bb _builder_version=\u00bb4.27.4&#8243; _module_preset=\u00bbdefault\u00bb background_color=\u00bbgcid-fa957022-7f68-4c63-9382-2437a00591d9&#8243; background_pattern_repeat_origin=\u00bbbottom_left\u00bb background_pattern_horizontal_offset=\u00bb-21%\u00bb background_pattern_vertical_offset=\u00bb-26%\u00bb background_pattern_repeat=\u00bbrepeat-x\u00bb custom_margin=\u00bb20px|||||\u00bb custom_padding=\u00bb0px||0px||true|false\u00bb saved_tabs=\u00bball\u00bb locked=\u00bboff\u00bb collapsed=\u00bbon\u00bb global_colors_info=\u00bb{%22gcid-fa957022-7f68-4c63-9382-2437a00591d9%22:%91%22background_color%22%93}\u00bb][et_pb_row column_structure=\u00bb1_3,1_3,1_3&#8243; make_equal=\u00bbon\u00bb custom_padding_last_edited=\u00bbon|tablet\u00bb _builder_version=\u00bb4.27.4&#8243; _module_preset=\u00bbdefault\u00bb background_enable_color=\u00bboff\u00bb width=\u00bb100%\u00bb max_width=\u00bb100%\u00bb custom_padding=\u00bb0px|60px|0px|60px|true|true\u00bb custom_padding_tablet=\u00bb30px|30px|30px|30px|true|true\u00bb custom_padding_phone=\u00bb20px|20px|20px|20px|true|true\u00bb global_colors_info=\u00bb{%22gcid-68c6b9ad-55a2-4756-9f20-a801af585cf6%22:%91%22background_color%22%93}\u00bb][et_pb_column type=\u00bb1_3&#8243; _builder_version=\u00bb4.27.4&#8243; _module_preset=\u00bbdefault\u00bb custom_padding=\u00bb119px||||false|false\u00bb custom_padding_tablet=\u00bb0px||||false|false\u00bb custom_padding_phone=\u00bb0px||||false|false\u00bb custom_padding_last_edited=\u00bbon|phone\u00bb global_colors_info=\u00bb{}\u00bb][et_pb_image src=\u00bbhttps:\/\/elpazoworkshop.com\/wp-content\/uploads\/2025\/01\/EL-PAZO-BLACK.png\u00bb title_text=\u00bbEL PAZO BLACK\u00bb _builder_version=\u00bb4.27.4&#8243; _module_preset=\u00bbdefault\u00bb width=\u00bb90%\u00bb animation_style=\u00bbslide\u00bb animation_direction=\u00bbleft\u00bb global_colors_info=\u00bb{}\u00bb][\/et_pb_image][\/et_pb_column][et_pb_column type=\u00bb1_3&#8243; _builder_version=\u00bb4.27.4&#8243; _module_preset=\u00bbdefault\u00bb background_image=\u00bbhttps:\/\/elpazoworkshop.com\/wp-content\/uploads\/2025\/01\/flores.png\u00bb animation_style=\u00bbslide\u00bb animation_direction=\u00bbbottom\u00bb global_colors_info=\u00bb{}\u00bb][et_pb_image _builder_version=\u00bb4.27.4&#8243; _module_preset=\u00bbdefault\u00bb global_colors_info=\u00bb{}\u00bb][\/et_pb_image][et_pb_image src=\u00bbhttps:\/\/elpazoworkshop.com\/wp-content\/uploads\/2025\/01\/flores.png\u00bb title_text=\u00bbflores\u00bb disabled_on=\u00bboff|off|on\u00bb _builder_version=\u00bb4.27.4&#8243; _module_preset=\u00bbdefault\u00bb global_colors_info=\u00bb{}\u00bb][\/et_pb_image][\/et_pb_column][et_pb_column type=\u00bb1_3&#8243; _builder_version=\u00bb4.27.4&#8243; _module_preset=\u00bbdefault\u00bb custom_padding=\u00bb65px||65px||true|false\u00bb custom_padding_tablet=\u00bb65px||65px||true|false\u00bb custom_padding_phone=\u00bb65px||65px||true|false\u00bb custom_padding_last_edited=\u00bbon|desktop\u00bb animation_style=\u00bbslide\u00bb animation_direction=\u00bbright\u00bb global_colors_info=\u00bb{}\u00bb][et_pb_text module_id=\u00bbcontacto\u00bb _builder_version=\u00bb4.27.4&#8243; _module_preset=\u00bb_initial\u00bb header_font=\u00bbBlack Mango||||||||\u00bb header_2_font=\u00bbBlack Mango||||||||\u00bb header_2_font_size=\u00bb60px\u00bb header_2_line_height=\u00bb1.2em\u00bb header_3_font=\u00bbKiona||||||||\u00bb animation_style=\u00bbslide\u00bb animation_direction=\u00bbtop\u00bb animation_duration=\u00bb750ms\u00bb header_2_font_size_tablet=\u00bb32px\u00bb header_2_font_size_phone=\u00bb45px\u00bb header_2_font_size_last_edited=\u00bbon|phone\u00bb header_3_font_size_tablet=\u00bb\u00bb header_3_font_size_phone=\u00bb21px\u00bb header_3_font_size_last_edited=\u00bbon|phone\u00bb global_colors_info=\u00bb{}\u00bb]<\/p>\n<h2><i>Contacto<\/i><\/h2>\n<h3><b>Flores.Artesania.<\/b><\/h3>\n<p><b><\/b><\/p>\n<p>[\/et_pb_text][et_pb_text _builder_version=\u00bb4.27.4&#8243; _module_preset=\u00bb_initial\u00bb header_font=\u00bbKiona||||||||\u00bb header_4_font=\u00bbKiona||||||||\u00bb header_4_text_color=\u00bbgcid-5b291cc9-df1d-4b6e-9bdc-386dacc5279f\u00bb header_4_font_size=\u00bb20px\u00bb header_4_line_height=\u00bb1.4em\u00bb custom_margin=\u00bb40px||0px||false|false\u00bb header_4_font_size_tablet=\u00bb18px\u00bb header_4_font_size_phone=\u00bb17px\u00bb header_4_font_size_last_edited=\u00bbon|tablet\u00bb locked=\u00bboff\u00bb global_colors_info=\u00bb{%22gcid-5b291cc9-df1d-4b6e-9bdc-386dacc5279f%22:%91%22header_4_text_color%22%93}\u00bb]<\/p>\n<h4>Tel\u00e9fono de contacto<\/h4>\n<p>[\/et_pb_text][et_pb_text _builder_version=\u00bb4.27.4&#8243; _module_preset=\u00bb_initial\u00bb text_font=\u00bbInter||||||||\u00bb text_text_color=\u00bbgcid-fa957022-7f68-4c63-9382-2437a00591d9&#8243; text_line_height=\u00bb1.8em\u00bb custom_margin=\u00bb||10px||false|false\u00bb header_font_size_tablet=\u00bb55px\u00bb header_font_size_last_edited=\u00bboff|desktop\u00bb locked=\u00bboff\u00bb global_colors_info=\u00bb{%22gcid-fa957022-7f68-4c63-9382-2437a00591d9%22:%91%22text_text_color%22%93}\u00bb]<\/p>\n<p><a href=\"tel:+34605807174\">+34 605 807 174<\/a><\/p>\n<p>[\/et_pb_text][et_pb_text _builder_version=\u00bb4.27.4&#8243; _module_preset=\u00bb_initial\u00bb header_font=\u00bb||||||||\u00bb header_4_font=\u00bbKiona||||||||\u00bb header_4_text_color=\u00bbgcid-5b291cc9-df1d-4b6e-9bdc-386dacc5279f\u00bb header_4_font_size=\u00bb20px\u00bb header_4_line_height=\u00bb1.4em\u00bb custom_margin=\u00bb40px||0px||false|false\u00bb header_4_font_size_tablet=\u00bb18px\u00bb header_4_font_size_phone=\u00bb17px\u00bb header_4_font_size_last_edited=\u00bbon|tablet\u00bb locked=\u00bboff\u00bb global_colors_info=\u00bb{%22gcid-5b291cc9-df1d-4b6e-9bdc-386dacc5279f%22:%91%22header_4_text_color%22%93}\u00bb]<\/p>\n<h4>Correo<\/h4>\n<p>[\/et_pb_text][et_pb_text _builder_version=\u00bb4.27.4&#8243; _module_preset=\u00bb_initial\u00bb text_font=\u00bbInter||||||||\u00bb text_text_color=\u00bbgcid-fa957022-7f68-4c63-9382-2437a00591d9&#8243; text_line_height=\u00bb1.8em\u00bb custom_margin=\u00bb||10px||false|false\u00bb header_font_size_tablet=\u00bb55px\u00bb header_font_size_last_edited=\u00bboff|desktop\u00bb locked=\u00bboff\u00bb global_colors_info=\u00bb{%22gcid-fa957022-7f68-4c63-9382-2437a00591d9%22:%91%22text_text_color%22%93}\u00bb]<\/p>\n<p class=\"p1\"><a href=\"mailto:info@elpazoworkshop.com\">info@elpazoworkshop.com<\/a><\/p>\n<p>[\/et_pb_text][\/et_pb_column][\/et_pb_row][\/et_pb_section]<\/p>\n","protected":false},"excerpt":{"rendered":"<p class=\"p1\"><i>Cada jornada de nuestro Taller fusiona medio d\u00eda de arte floral con medio d\u00eda de artesan\u00eda.<\/i><\/p>\n<p>Puedes elegir (hasta completar aforo) el d\u00eda que prefieras asistir:<\/p>\n<ul>\n<li>D\u00eda 1: Fibras y Flores<\/li>\n<li>Dia 2: Flores y Madera<\/li>\n<li>D\u00eda 3: Garden Style<\/li>\n<\/ul>\n<p>Recuerda dejarnos tu preferencia en \u00abObservaciones\u00bb al realizar tu pedido o en info@elpazoworkshop.com<\/p>\n","protected":false},"featured_media":145,"comment_status":"open","ping_status":"closed","template":"","meta":{"_et_pb_use_builder":"on","_et_pb_old_content":"<p class=\"p1\"><i>Dividiremos el Workshop en 3 d\u00edas con la intenci\u00f3n de fusionar medio d\u00eda de arte floral con medio d\u00eda de artesan\u00eda.\u00a0 <\/i><i>Nuestra idea es tener tres ponentes dedicados al arte floral y otros tres ponentes dedicados a otras disciplinas art\u00edsticas. <\/i><i>Al final de cada <\/i><i>d\u00eda nos gustar\u00eda ver una fusi\u00f3n entre las dos ponencias.<\/i><\/p>\r\n<p class=\"p1\">Las comidas se hacen el el propio Pazo para crear networking entre todos los asistentes.<\/p>\r\n<p class=\"p1\">Las personas interesadas en asistir a este evento \u00fanico pueden reservar desde uno, dos o el pase completo de los tres d\u00edas.<\/p>\r\nEl Pazo Workshop \u00a9, se reserva el derecho de modificar o suspender el evento por las razones que estime convenientes. En dicha circunstancia, los inscritos ser\u00edan avisados con al menos, una semana de antelaci\u00f3n. Las clases son personales e intransferibles. No se admiten cambios ni devoluciones. La inscripci\u00f3n no es reembolsable.","_et_gb_content_width":""},"product_brand":[],"product_cat":[24],"product_tag":[],"class_list":{"0":"post-144","1":"product","2":"type-product","3":"status-publish","4":"has-post-thumbnail","6":"product_cat-inscripcion","8":"first","9":"instock","10":"virtual","11":"purchasable","12":"product-type-simple"},"jetpack_sharing_enabled":true,"_links":{"self":[{"href":"https:\/\/elpazoworkshop.com\/index.php\/wp-json\/wp\/v2\/product\/144","targetHints":{"allow":["GET"]}}],"collection":[{"href":"https:\/\/elpazoworkshop.com\/index.php\/wp-json\/wp\/v2\/product"}],"about":[{"href":"https:\/\/elpazoworkshop.com\/index.php\/wp-json\/wp\/v2\/types\/product"}],"replies":[{"embeddable":true,"href":"https:\/\/elpazoworkshop.com\/index.php\/wp-json\/wp\/v2\/comments?post=144"}],"wp:featuredmedia":[{"embeddable":true,"href":"https:\/\/elpazoworkshop.com\/index.php\/wp-json\/wp\/v2\/media\/145"}],"wp:attachment":[{"href":"https:\/\/elpazoworkshop.com\/index.php\/wp-json\/wp\/v2\/media?parent=144"}],"wp:term":[{"taxonomy":"product_brand","embeddable":true,"href":"https:\/\/elpazoworkshop.com\/index.php\/wp-json\/wp\/v2\/product_brand?post=144"},{"taxonomy":"product_cat","embeddable":true,"href":"https:\/\/elpazoworkshop.com\/index.php\/wp-json\/wp\/v2\/product_cat?post=144"},{"taxonomy":"product_tag","embeddable":true,"href":"https:\/\/elpazoworkshop.com\/index.php\/wp-json\/wp\/v2\/product_tag?post=144"}],"curies":[{"name":"wp","href":"https:\/\/api.w.org\/{rel}","templated":true}]}}